{"id":10,"date":"2020-02-10T09:53:04","date_gmt":"2020-02-10T09:53:04","guid":{"rendered":"http:\/\/new.wado.sk\/?page_id=10"},"modified":"2024-06-06T10:09:13","modified_gmt":"2024-06-06T09:09:13","slug":"referenciak","status":"publish","type":"page","link":"https:\/\/www.wado.sk\/hu\/referenciak\/","title":{"rendered":"Referenci\u00e1k"},"content":{"rendered":"\nMinden projektet \u00faj \u00e9s friss lehet\u0151s\u00e9gnek tekint\u00fcnk &#8211; izgalmas, \u00faj szemsz\u00f6gb\u0151l k\u00f6zel\u00edtj\u00fck meg mindegyiket. N\u00e1lunk elengedhetetlen a csapatmunka \u00e9s az egy\u00fcttm\u0171k\u00f6d\u00e9s, mint szakemberek, sz\u00edvesen n\u00e9z\u00fcnk szembe kih\u00edv\u00e1sokkal, legjobb tud\u00e1sunkat felhaszn\u00e1lva val\u00f3s\u00edtjuk meg \u00fcgyefeleink elk\u00e9pzel\u00e9seit. Tekintsd meg munk\u00e1inkat.\n","protected":false},"excerpt":{"rendered":"<p>Minden projektet \u00faj \u00e9s friss lehet\u0151s\u00e9gnek tekint\u00fcnk &#8211; izgalmas, \u00faj szemsz\u00f6gb\u0151l k\u00f6zel\u00edtj\u00fck meg mindegyiket. N\u00e1lunk elengedhetetlen a csapatmunka \u00e9s az egy\u00fcttm\u0171k\u00f6d\u00e9s, mint szakemberek, sz\u00edvesen n\u00e9z\u00fcnk szembe kih\u00edv\u00e1sokkal, legjobb tud\u00e1sunkat felhaszn\u00e1lva val\u00f3s\u00edtjuk meg \u00fcgyefeleink elk\u00e9pzel\u00e9seit. Tekintsd meg munk\u00e1inkat.<\/p>\n","protected":false},"author":1,"featured_media":0,"parent":0,"menu_order":0,"comment_status":"closed","ping_status":"closed","template":"page-templates\/references-page.php","meta":{"footnotes":""},"_links":{"self":[{"href":"https:\/\/www.wado.sk\/hu\/wp-json\/wp\/v2\/pages\/10"}],"collection":[{"href":"https:\/\/www.wado.sk\/hu\/wp-json\/wp\/v2\/pages"}],"about":[{"href":"https:\/\/www.wado.sk\/hu\/wp-json\/wp\/v2\/types\/page"}],"author":[{"embeddable":true,"href":"https:\/\/www.wado.sk\/hu\/wp-json\/wp\/v2\/users\/1"}],"replies":[{"embeddable":true,"href":"https:\/\/www.wado.sk\/hu\/wp-json\/wp\/v2\/comments?post=10"}],"version-history":[{"count":1,"href":"https:\/\/www.wado.sk\/hu\/wp-json\/wp\/v2\/pages\/10\/revisions"}],"predecessor-version":[{"id":6545,"href":"https:\/\/www.wado.sk\/hu\/wp-json\/wp\/v2\/pages\/10\/revisions\/6545"}],"wp:attachment":[{"href":"https:\/\/www.wado.sk\/hu\/wp-json\/wp\/v2\/media?parent=10"}],"curies":[{"name":"wp","href":"https:\/\/api.w.org\/{rel}","templated":true}]}}