{"id":12,"date":"2020-02-10T09:53:21","date_gmt":"2020-02-10T09:53:21","guid":{"rendered":"http:\/\/new.wado.sk\/?page_id=12"},"modified":"2020-06-10T13:19:21","modified_gmt":"2020-06-10T12:19:21","slug":"rolunk","status":"publish","type":"page","link":"https:\/\/www.wado.sk\/hu\/rolunk\/","title":{"rendered":"R\u00f3lunk"},"content":{"rendered":"\nHa r\u00f6viden k\u00e9ne jellemezn\u00fcnk magunkat, tal\u00e1n \u00fagy mondan\u00e1nk: egyszer\u0171 emberek, nagyszer\u0171 szakemberek! Teljesk\u00f6r\u0171 szolg\u00e1ltat\u00e1st ny\u00fajtunk v\u00e1llalkoz\u00e1sodnak, legyen sz\u00f3 ak\u00e1r arculattervez\u00e9sr\u0151l, c\u00e9ges weboldalad, web\u00e1ruh\u00e1zad elk\u00e9sz\u00edt\u00e9s\u00e9r\u0151l vagy online marketing kamp\u00e1nyaid megtervez\u00e9s\u00e9r\u0151l. Az \u00e9vek alatt megszerzett tud\u00e1sunkkal \u00e9s tapasztalatunkkal seg\u00edts\u00e9gedre lesz\u00fcnk, hogy el\u00e9rd a kit\u0171z\u00f6tt \u00fczleti c\u00e9ljaid.\n","protected":false},"excerpt":{"rendered":"<p>Ha r\u00f6viden k\u00e9ne jellemezn\u00fcnk magunkat, tal\u00e1n \u00fagy mondan\u00e1nk: egyszer\u0171 emberek, nagyszer\u0171 szakemberek! Teljesk\u00f6r\u0171 szolg\u00e1ltat\u00e1st ny\u00fajtunk v\u00e1llalkoz\u00e1sodnak, legyen sz\u00f3 ak\u00e1r arculattervez\u00e9sr\u0151l, c\u00e9ges weboldalad, web\u00e1ruh\u00e1zad elk\u00e9sz\u00edt\u00e9s\u00e9r\u0151l vagy online marketing kamp\u00e1nyaid megtervez\u00e9s\u00e9r\u0151l. Az \u00e9vek alatt megszerzett tud\u00e1sunkkal \u00e9s tapasztalatunkkal seg\u00edts\u00e9gedre lesz\u00fcnk, hogy el\u00e9rd a kit\u0171z\u00f6tt \u00fczleti c\u00e9ljaid.<\/p>\n","protected":false},"author":1,"featured_media":0,"parent":0,"menu_order":0,"comment_status":"closed","ping_status":"closed","template":"page-templates\/about-us-page.php","meta":{"footnotes":""},"_links":{"self":[{"href":"https:\/\/www.wado.sk\/hu\/wp-json\/wp\/v2\/pages\/12"}],"collection":[{"href":"https:\/\/www.wado.sk\/hu\/wp-json\/wp\/v2\/pages"}],"about":[{"href":"https:\/\/www.wado.sk\/hu\/wp-json\/wp\/v2\/types\/page"}],"author":[{"embeddable":true,"href":"https:\/\/www.wado.sk\/hu\/wp-json\/wp\/v2\/users\/1"}],"replies":[{"embeddable":true,"href":"https:\/\/www.wado.sk\/hu\/wp-json\/wp\/v2\/comments?post=12"}],"version-history":[{"count":0,"href":"https:\/\/www.wado.sk\/hu\/wp-json\/wp\/v2\/pages\/12\/revisions"}],"wp:attachment":[{"href":"https:\/\/www.wado.sk\/hu\/wp-json\/wp\/v2\/media?parent=12"}],"curies":[{"name":"wp","href":"https:\/\/api.w.org\/{rel}","templated":true}]}}