{"id":1755,"date":"2021-07-23T09:14:00","date_gmt":"2021-07-23T08:14:00","guid":{"rendered":"https:\/\/www.wado.sk\/?page_id=1755"},"modified":"2021-07-23T10:04:54","modified_gmt":"2021-07-23T09:04:54","slug":"grafikai-tervezes","status":"publish","type":"page","link":"https:\/\/www.wado.sk\/hu\/grafikai-tervezes\/","title":{"rendered":"Grafikai tervez\u00e9s"},"content":{"rendered":"\n<p> Legyen sz\u00e9p, egyedi \u00e9s m\u0171k\u00f6dj\u00f6n! Tesz\u00fcnk r\u00f3la, hogy m\u00e1r az els\u0151 benyom\u00e1s kellemes legyen leend\u0151 \u00fcgyfeleidn\u00e9l. <\/p>\n","protected":false},"excerpt":{"rendered":"<p>Legyen sz\u00e9p, egyedi \u00e9s m\u0171k\u00f6dj\u00f6n! Tesz\u00fcnk r\u00f3la, hogy m\u00e1r az els\u0151 benyom\u00e1s kellemes legyen leend\u0151 \u00fcgyfeleidn\u00e9l.<\/p>\n","protected":false},"author":5,"featured_media":0,"parent":0,"menu_order":0,"comment_status":"closed","ping_status":"closed","template":"page-templates\/graphics-page.php","meta":{"footnotes":""},"_links":{"self":[{"href":"https:\/\/www.wado.sk\/hu\/wp-json\/wp\/v2\/pages\/1755"}],"collection":[{"href":"https:\/\/www.wado.sk\/hu\/wp-json\/wp\/v2\/pages"}],"about":[{"href":"https:\/\/www.wado.sk\/hu\/wp-json\/wp\/v2\/types\/page"}],"author":[{"embeddable":true,"href":"https:\/\/www.wado.sk\/hu\/wp-json\/wp\/v2\/users\/5"}],"replies":[{"embeddable":true,"href":"https:\/\/www.wado.sk\/hu\/wp-json\/wp\/v2\/comments?post=1755"}],"version-history":[{"count":8,"href":"https:\/\/www.wado.sk\/hu\/wp-json\/wp\/v2\/pages\/1755\/revisions"}],"predecessor-version":[{"id":1773,"href":"https:\/\/www.wado.sk\/hu\/wp-json\/wp\/v2\/pages\/1755\/revisions\/1773"}],"wp:attachment":[{"href":"https:\/\/www.wado.sk\/hu\/wp-json\/wp\/v2\/media?parent=1755"}],"curies":[{"name":"wp","href":"https:\/\/api.w.org\/{rel}","templated":true}]}}