{"id":25,"date":"2020-02-10T09:55:25","date_gmt":"2020-02-10T09:55:25","guid":{"rendered":"http:\/\/new.wado.sk\/?page_id=25"},"modified":"2020-06-10T13:39:00","modified_gmt":"2020-06-10T12:39:00","slug":"kapcsolat","status":"publish","type":"page","link":"https:\/\/www.wado.sk\/hu\/kapcsolat\/","title":{"rendered":"Kapcsolat"},"content":{"rendered":"\n\u00dagy \u00e9rzed, mi vagyunk az a csapat, akivel megval\u00f3s\u00edtan\u00e1d terveid? \u00cdrj nek\u00fcnk \u00fczenetet a kapcsolatfelv\u00e9teli \u0171rlapunkon kereszt\u00fcl, \u00e9s igyeksz\u00fcnk mihamarabb v\u00e1laszolni.\n","protected":false},"excerpt":{"rendered":"<p>\u00dagy \u00e9rzed, mi vagyunk az a csapat, akivel megval\u00f3s\u00edtan\u00e1d terveid? \u00cdrj nek\u00fcnk \u00fczenetet a kapcsolatfelv\u00e9teli \u0171rlapunkon kereszt\u00fcl, \u00e9s igyeksz\u00fcnk mihamarabb v\u00e1laszolni.<\/p>\n","protected":false},"author":1,"featured_media":0,"parent":0,"menu_order":0,"comment_status":"closed","ping_status":"closed","template":"page-templates\/contact-page.php","meta":{"footnotes":""},"_links":{"self":[{"href":"https:\/\/www.wado.sk\/hu\/wp-json\/wp\/v2\/pages\/25"}],"collection":[{"href":"https:\/\/www.wado.sk\/hu\/wp-json\/wp\/v2\/pages"}],"about":[{"href":"https:\/\/www.wado.sk\/hu\/wp-json\/wp\/v2\/types\/page"}],"author":[{"embeddable":true,"href":"https:\/\/www.wado.sk\/hu\/wp-json\/wp\/v2\/users\/1"}],"replies":[{"embeddable":true,"href":"https:\/\/www.wado.sk\/hu\/wp-json\/wp\/v2\/comments?post=25"}],"version-history":[{"count":0,"href":"https:\/\/www.wado.sk\/hu\/wp-json\/wp\/v2\/pages\/25\/revisions"}],"wp:attachment":[{"href":"https:\/\/www.wado.sk\/hu\/wp-json\/wp\/v2\/media?parent=25"}],"curies":[{"name":"wp","href":"https:\/\/api.w.org\/{rel}","templated":true}]}}