{"id":33,"date":"2020-02-10T19:27:12","date_gmt":"2020-02-10T19:27:12","guid":{"rendered":"http:\/\/new.wado.sk\/?page_id=33"},"modified":"2024-06-07T08:11:44","modified_gmt":"2024-06-07T07:11:44","slug":"online-marketing","status":"publish","type":"page","link":"https:\/\/www.wado.sk\/hu\/online-marketing\/","title":{"rendered":"Online hirdet\u00e9sek testreszabva"},"content":{"rendered":"\nTudjuk, hogy neked is akadnak kih\u00edv\u00e1said: a marketingre nem jut el\u00e9g id\u0151, nem tudod, hogyan sz\u00f3l\u00edtsd meg hat\u00e9konyan a c\u00e9lk\u00f6z\u00f6ns\u00e9ged, vagy nem l\u00e1tod a marketingre elk\u00f6lt\u00f6tt p\u00e9nzed megt\u00e9r\u00fcl\u00e9s\u00e9t. Ismerj\u00fck a probl\u00e9m\u00e1idat, hiszen m\u00e1r t\u00f6bb, mint <b>10 \u00e9ve dolgozunk egy\u00fctt kis- \u00e9s k\u00f6z\u00e9pv\u00e1llalkoz\u00e1sokkal a szlov\u00e1kiai \u00e9s magyarorsz\u00e1gi piacon<\/b>. K\u00e9rj ingyenes konzult\u00e1ci\u00f3t m\u00e9g ma, \u00e9s n\u00e9zz\u00fck meg, hogyan tehetn\u00e9nk sikeress\u00e9 c\u00e9ged a szlov\u00e1kiai \u00e9s magyarorsz\u00e1gi piacon is!\n\n\n\n<p><\/p>\n","protected":false},"excerpt":{"rendered":"<p>Tudjuk, hogy neked is akadnak kih\u00edv\u00e1said: a marketingre nem jut el\u00e9g id\u0151, nem tudod, hogyan sz\u00f3l\u00edtsd meg hat\u00e9konyan a c\u00e9lk\u00f6z\u00f6ns\u00e9ged, vagy nem l\u00e1tod a marketingre elk\u00f6lt\u00f6tt p\u00e9nzed megt\u00e9r\u00fcl\u00e9s\u00e9t. Ismerj\u00fck a probl\u00e9m\u00e1idat, hiszen m\u00e1r t\u00f6bb, mint 10 \u00e9ve dolgozunk egy\u00fctt kis- \u00e9s k\u00f6z\u00e9pv\u00e1llalkoz\u00e1sokkal a szlov\u00e1kiai \u00e9s magyarorsz\u00e1gi piacon. K\u00e9rj ingyenes konzult\u00e1ci\u00f3t m\u00e9g ma, \u00e9s n\u00e9zz\u00fck meg, [&hellip;]<\/p>\n","protected":false},"author":1,"featured_media":0,"parent":0,"menu_order":0,"comment_status":"closed","ping_status":"closed","template":"page-templates\/marketing-page.php","meta":{"footnotes":""},"_links":{"self":[{"href":"https:\/\/www.wado.sk\/hu\/wp-json\/wp\/v2\/pages\/33"}],"collection":[{"href":"https:\/\/www.wado.sk\/hu\/wp-json\/wp\/v2\/pages"}],"about":[{"href":"https:\/\/www.wado.sk\/hu\/wp-json\/wp\/v2\/types\/page"}],"author":[{"embeddable":true,"href":"https:\/\/www.wado.sk\/hu\/wp-json\/wp\/v2\/users\/1"}],"replies":[{"embeddable":true,"href":"https:\/\/www.wado.sk\/hu\/wp-json\/wp\/v2\/comments?post=33"}],"version-history":[{"count":24,"href":"https:\/\/www.wado.sk\/hu\/wp-json\/wp\/v2\/pages\/33\/revisions"}],"predecessor-version":[{"id":6548,"href":"https:\/\/www.wado.sk\/hu\/wp-json\/wp\/v2\/pages\/33\/revisions\/6548"}],"wp:attachment":[{"href":"https:\/\/www.wado.sk\/hu\/wp-json\/wp\/v2\/media?parent=33"}],"curies":[{"name":"wp","href":"https:\/\/api.w.org\/{rel}","templated":true}]}}