{"id":6300,"date":"2024-03-18T12:56:10","date_gmt":"2024-03-18T11:56:10","guid":{"rendered":"https:\/\/www.wado.sk\/package-page\/"},"modified":"2024-03-26T12:23:10","modified_gmt":"2024-03-26T11:23:10","slug":"weboldal-keszites","status":"publish","type":"page","link":"https:\/\/www.wado.sk\/hu\/weboldal-keszites\/","title":{"rendered":"Weboldal k\u00e9sz\u00edt\u00e9s"},"content":{"rendered":"","protected":false},"excerpt":{"rendered":"","protected":false},"author":5,"featured_media":0,"parent":0,"menu_order":0,"comment_status":"closed","ping_status":"closed","template":"page-templates\/packages-page.php","meta":{"footnotes":""},"_links":{"self":[{"href":"https:\/\/www.wado.sk\/hu\/wp-json\/wp\/v2\/pages\/6300"}],"collection":[{"href":"https:\/\/www.wado.sk\/hu\/wp-json\/wp\/v2\/pages"}],"about":[{"href":"https:\/\/www.wado.sk\/hu\/wp-json\/wp\/v2\/types\/page"}],"author":[{"embeddable":true,"href":"https:\/\/www.wado.sk\/hu\/wp-json\/wp\/v2\/users\/5"}],"replies":[{"embeddable":true,"href":"https:\/\/www.wado.sk\/hu\/wp-json\/wp\/v2\/comments?post=6300"}],"version-history":[{"count":4,"href":"https:\/\/www.wado.sk\/hu\/wp-json\/wp\/v2\/pages\/6300\/revisions"}],"predecessor-version":[{"id":6305,"href":"https:\/\/www.wado.sk\/hu\/wp-json\/wp\/v2\/pages\/6300\/revisions\/6305"}],"wp:attachment":[{"href":"https:\/\/www.wado.sk\/hu\/wp-json\/wp\/v2\/media?parent=6300"}],"curies":[{"name":"wp","href":"https:\/\/api.w.org\/{rel}","templated":true}]}}