{"id":8,"date":"2020-02-10T09:52:48","date_gmt":"2020-02-10T09:52:48","guid":{"rendered":"http:\/\/new.wado.sk\/?page_id=8"},"modified":"2020-06-16T13:37:00","modified_gmt":"2020-06-16T12:37:00","slug":"fooldal","status":"publish","type":"page","link":"https:\/\/www.wado.sk\/hu\/","title":{"rendered":"F\u0151oldal"},"content":{"rendered":"\nAlkossuk meg<br>digit\u00e1lis t\u00f6rt\u00e9neted!\n","protected":false},"excerpt":{"rendered":"<p>Alkossuk megdigit\u00e1lis t\u00f6rt\u00e9neted!<\/p>\n","protected":false},"author":1,"featured_media":0,"parent":0,"menu_order":0,"comment_status":"closed","ping_status":"closed","template":"page-templates\/front-page.php","meta":{"footnotes":""},"_links":{"self":[{"href":"https:\/\/www.wado.sk\/hu\/wp-json\/wp\/v2\/pages\/8"}],"collection":[{"href":"https:\/\/www.wado.sk\/hu\/wp-json\/wp\/v2\/pages"}],"about":[{"href":"https:\/\/www.wado.sk\/hu\/wp-json\/wp\/v2\/types\/page"}],"author":[{"embeddable":true,"href":"https:\/\/www.wado.sk\/hu\/wp-json\/wp\/v2\/users\/1"}],"replies":[{"embeddable":true,"href":"https:\/\/www.wado.sk\/hu\/wp-json\/wp\/v2\/comments?post=8"}],"version-history":[{"count":0,"href":"https:\/\/www.wado.sk\/hu\/wp-json\/wp\/v2\/pages\/8\/revisions"}],"wp:attachment":[{"href":"https:\/\/www.wado.sk\/hu\/wp-json\/wp\/v2\/media?parent=8"}],"curies":[{"name":"wp","href":"https:\/\/api.w.org\/{rel}","templated":true}]}}